{"id":2231,"date":"2025-10-30T19:41:05","date_gmt":"2025-10-30T19:41:05","guid":{"rendered":"https:\/\/bearsandpears.com\/?post_type=product&#038;p=2231"},"modified":"2025-10-30T19:50:36","modified_gmt":"2025-10-30T19:50:36","slug":"digital-camera-zoo-friends-bear","status":"publish","type":"product","link":"https:\/\/bearsandpears.com\/en\/product\/digital-camera-zoo-friends-bear\/","title":{"rendered":"Digital Camera \u2013 Zoo Friends Bear"},"content":{"rendered":"<p>&#8211; 3.2 MP Digital Camera for Kids (32 MP interpolated)<br \/>\n&#8211; Recommended Age: 3 to 7 years<br \/>\n&#8211; Camera Dimensions: 7.9 \u00d7 4.6 \u00d7 2.1 cm<br \/>\n&#8211; 2-inch Display Screen<br \/>\n&#8211; Photo &#038; Video Modes in One Device<br \/>\n&#8211; Lightweight, Easy to Use &#038; Durable<br \/>\n&#8211; 20+ Fun Photo Frames and Stickers<br \/>\n&#8211; Includes 32 GB Memory Card \u2013 Stores up to 2,000 photos or 4 hours of video<br \/>\n&#8211; Rechargeable 1000mAh Battery \u2013 Up to 2 hours of continuous use<br \/>\n&#8211; Protective Silicone Casing for Extra Safety<br \/>\n&#8211; Shockproof &#038; Built to Last<br \/>\n&#8211; Multi-language Support<\/p>\n","protected":false},"excerpt":{"rendered":"<p>The Zoofamily \u2013 Bear-Shaped Digital Camera &#038; Video Recorder (32 MP)<br \/>\nA delightful digital camera and video recorder from The Zoofamily collection, shaped like a friendly bear! Compact and lightweight, it fits perfectly in little hands. Personalize it with stickers and explore over 20 playful filters and frames for endless fun.<br \/>\nMade from eco-friendly silicone, the protective cover shields the camera from drops and dirt \u2014 easy to remove and washable. The built-in rechargeable battery lets kids capture over 2,000 photos or 4 hours of video.<br \/>\nDesigned for children ages 3 and up, Zoofamily cameras grow with your child \u2014 encouraging creativity, independence, and storytelling.<br \/>\nAnd with every purchase, The Zoofamily plants a tree for a better tomorrow.<br \/>\nA perfect gift for little adventurers!<\/p>\n<p>Model Zoo Friends savr\u0161en je za mali\u0161ane od tri i vi\u0161e godina. Zoo Friends digitalni fotoaparati su jednostavni za upotrebu, lako staju u male ruke i dolaze sa zamenjivom silikonskom navlakom u obliku \u017eivotinje. Podstaknite njihovu radoznalost i kreativnost uz Zoofamily, gde svaki klik pri\u010da lepu pri\u010du!<\/p>\n","protected":false},"featured_media":2233,"comment_status":"open","ping_status":"closed","template":"","meta":{"_acf_changed":false},"product_brand":[132],"product_cat":[146],"product_tag":[107],"class_list":{"0":"post-2231","1":"product","2":"type-product","3":"status-publish","4":"has-post-thumbnail","6":"product_brand-zoofamily","7":"product_cat-adventure-fun","8":"product_tag-36-meseci-en","10":"first","11":"instock","12":"shipping-taxable","13":"purchasable","14":"product-type-simple","15":"add-to-wishlist-before_image"},"acf":[],"yoast_head":"<!-- This site is optimized with the Yoast SEO plugin v26.9 - https:\/\/yoast.com\/product\/yoast-seo-wordpress\/ -->\n<title>Digital Camera \u2013 Zoo Friends Bear - Bears And Pears<\/title>\n<meta name=\"robots\" content=\"index, follow, max-snippet:-1, max-image-preview:large, max-video-preview:-1\" \/>\n<link rel=\"canonical\" href=\"https:\/\/bearsandpears.com\/en\/product\/digital-camera-zoo-friends-bear\/\" \/>\n<meta property=\"og:locale\" content=\"en_US\" \/>\n<meta property=\"og:type\" content=\"article\" \/>\n<meta property=\"og:title\" content=\"Digital Camera \u2013 Zoo Friends Bear - Bears And Pears\" \/>\n<meta property=\"og:description\" content=\"The Zoofamily \u2013 Bear-Shaped Digital Camera &amp; Video Recorder (32 MP) A delightful digital camera and video recorder from The Zoofamily collection, shaped like a friendly bear! Compact and lightweight, it fits perfectly in little hands. Personalize it with stickers and explore over 20 playful filters and frames for endless fun. Made from eco-friendly silicone, the protective cover shields the camera from drops and dirt \u2014 easy to remove and washable. The built-in rechargeable battery lets kids capture over 2,000 photos or 4 hours of video. Designed for children ages 3 and up, Zoofamily cameras grow with your child \u2014 encouraging creativity, independence, and storytelling. And with every purchase, The Zoofamily plants a tree for a better tomorrow. A perfect gift for little adventurers!      Model Zoo Friends savr\u0161en je za mali\u0161ane od tri i vi\u0161e godina. Zoo Friends digitalni fotoaparati su jednostavni za upotrebu, lako staju u male ruke i dolaze sa zamenjivom silikonskom navlakom u obliku \u017eivotinje. Podstaknite njihovu radoznalost i kreativnost uz Zoofamily, gde svaki klik pri\u010da lepu pri\u010du!\" \/>\n<meta property=\"og:url\" content=\"https:\/\/bearsandpears.com\/en\/product\/digital-camera-zoo-friends-bear\/\" \/>\n<meta property=\"og:site_name\" content=\"Bears And Pears\" \/>\n<meta property=\"article:modified_time\" content=\"2025-10-30T19:50:36+00:00\" \/>\n<meta property=\"og:image\" content=\"https:\/\/bearsandpears.com\/wp-content\/uploads\/2025\/10\/The_zoofamily_zoo_friends_bear_2.jpg\" \/>\n\t<meta property=\"og:image:width\" content=\"1000\" \/>\n\t<meta property=\"og:image:height\" content=\"1500\" \/>\n\t<meta property=\"og:image:type\" content=\"image\/jpeg\" \/>\n<meta name=\"twitter:card\" content=\"summary_large_image\" \/>\n<meta name=\"twitter:label1\" content=\"Est. reading time\" \/>\n\t<meta name=\"twitter:data1\" content=\"1 minute\" \/>\n<script type=\"application\/ld+json\" class=\"yoast-schema-graph\">{\"@context\":\"https:\/\/schema.org\",\"@graph\":[{\"@type\":\"WebPage\",\"@id\":\"https:\/\/bearsandpears.com\/en\/product\/digital-camera-zoo-friends-bear\/\",\"url\":\"https:\/\/bearsandpears.com\/en\/product\/digital-camera-zoo-friends-bear\/\",\"name\":\"Digital Camera \u2013 Zoo Friends Bear - Bears And Pears\",\"isPartOf\":{\"@id\":\"https:\/\/bearsandpears.com\/#website\"},\"primaryImageOfPage\":{\"@id\":\"https:\/\/bearsandpears.com\/en\/product\/digital-camera-zoo-friends-bear\/#primaryimage\"},\"image\":{\"@id\":\"https:\/\/bearsandpears.com\/en\/product\/digital-camera-zoo-friends-bear\/#primaryimage\"},\"thumbnailUrl\":\"https:\/\/bearsandpears.com\/wp-content\/uploads\/2025\/10\/The_zoofamily_zoo_friends_bear_2.jpg\",\"datePublished\":\"2025-10-30T19:41:05+00:00\",\"dateModified\":\"2025-10-30T19:50:36+00:00\",\"breadcrumb\":{\"@id\":\"https:\/\/bearsandpears.com\/en\/product\/digital-camera-zoo-friends-bear\/#breadcrumb\"},\"inLanguage\":\"en-US\",\"potentialAction\":[{\"@type\":\"ReadAction\",\"target\":[\"https:\/\/bearsandpears.com\/en\/product\/digital-camera-zoo-friends-bear\/\"]}]},{\"@type\":\"ImageObject\",\"inLanguage\":\"en-US\",\"@id\":\"https:\/\/bearsandpears.com\/en\/product\/digital-camera-zoo-friends-bear\/#primaryimage\",\"url\":\"https:\/\/bearsandpears.com\/wp-content\/uploads\/2025\/10\/The_zoofamily_zoo_friends_bear_2.jpg\",\"contentUrl\":\"https:\/\/bearsandpears.com\/wp-content\/uploads\/2025\/10\/The_zoofamily_zoo_friends_bear_2.jpg\",\"width\":1000,\"height\":1500},{\"@type\":\"BreadcrumbList\",\"@id\":\"https:\/\/bearsandpears.com\/en\/product\/digital-camera-zoo-friends-bear\/#breadcrumb\",\"itemListElement\":[{\"@type\":\"ListItem\",\"position\":1,\"name\":\"Home\",\"item\":\"https:\/\/bearsandpears.com\/en\/\"},{\"@type\":\"ListItem\",\"position\":2,\"name\":\"Shop\",\"item\":\"https:\/\/bearsandpears.com\/en\/shop\/\"},{\"@type\":\"ListItem\",\"position\":3,\"name\":\"Digital Camera \u2013 Zoo Friends Bear\"}]},{\"@type\":\"WebSite\",\"@id\":\"https:\/\/bearsandpears.com\/#website\",\"url\":\"https:\/\/bearsandpears.com\/\",\"name\":\"Bears And Pears\",\"description\":\"\",\"publisher\":{\"@id\":\"https:\/\/bearsandpears.com\/#organization\"},\"potentialAction\":[{\"@type\":\"SearchAction\",\"target\":{\"@type\":\"EntryPoint\",\"urlTemplate\":\"https:\/\/bearsandpears.com\/?s={search_term_string}\"},\"query-input\":{\"@type\":\"PropertyValueSpecification\",\"valueRequired\":true,\"valueName\":\"search_term_string\"}}],\"inLanguage\":\"en-US\"},{\"@type\":\"Organization\",\"@id\":\"https:\/\/bearsandpears.com\/#organization\",\"name\":\"Bears & Pears\",\"url\":\"https:\/\/bearsandpears.com\/\",\"logo\":{\"@type\":\"ImageObject\",\"inLanguage\":\"en-US\",\"@id\":\"https:\/\/bearsandpears.com\/#\/schema\/logo\/image\/\",\"url\":\"https:\/\/bearsandpears.com\/wp-content\/uploads\/2025\/06\/bears-favicon.png\",\"contentUrl\":\"https:\/\/bearsandpears.com\/wp-content\/uploads\/2025\/06\/bears-favicon.png\",\"width\":800,\"height\":800,\"caption\":\"Bears & Pears\"},\"image\":{\"@id\":\"https:\/\/bearsandpears.com\/#\/schema\/logo\/image\/\"}}]}<\/script>\n<!-- \/ Yoast SEO plugin. -->","yoast_head_json":{"title":"Digital Camera \u2013 Zoo Friends Bear - Bears And Pears","robots":{"index":"index","follow":"follow","max-snippet":"max-snippet:-1","max-image-preview":"max-image-preview:large","max-video-preview":"max-video-preview:-1"},"canonical":"https:\/\/bearsandpears.com\/en\/product\/digital-camera-zoo-friends-bear\/","og_locale":"en_US","og_type":"article","og_title":"Digital Camera \u2013 Zoo Friends Bear - Bears And Pears","og_description":"The Zoofamily \u2013 Bear-Shaped Digital Camera & Video Recorder (32 MP) A delightful digital camera and video recorder from The Zoofamily collection, shaped like a friendly bear! Compact and lightweight, it fits perfectly in little hands. Personalize it with stickers and explore over 20 playful filters and frames for endless fun. Made from eco-friendly silicone, the protective cover shields the camera from drops and dirt \u2014 easy to remove and washable. The built-in rechargeable battery lets kids capture over 2,000 photos or 4 hours of video. Designed for children ages 3 and up, Zoofamily cameras grow with your child \u2014 encouraging creativity, independence, and storytelling. And with every purchase, The Zoofamily plants a tree for a better tomorrow. A perfect gift for little adventurers!      Model Zoo Friends savr\u0161en je za mali\u0161ane od tri i vi\u0161e godina. Zoo Friends digitalni fotoaparati su jednostavni za upotrebu, lako staju u male ruke i dolaze sa zamenjivom silikonskom navlakom u obliku \u017eivotinje. Podstaknite njihovu radoznalost i kreativnost uz Zoofamily, gde svaki klik pri\u010da lepu pri\u010du!","og_url":"https:\/\/bearsandpears.com\/en\/product\/digital-camera-zoo-friends-bear\/","og_site_name":"Bears And Pears","article_modified_time":"2025-10-30T19:50:36+00:00","og_image":[{"width":1000,"height":1500,"url":"https:\/\/bearsandpears.com\/wp-content\/uploads\/2025\/10\/The_zoofamily_zoo_friends_bear_2.jpg","type":"image\/jpeg"}],"twitter_card":"summary_large_image","twitter_misc":{"Est. reading time":"1 minute"},"schema":{"@context":"https:\/\/schema.org","@graph":[{"@type":"WebPage","@id":"https:\/\/bearsandpears.com\/en\/product\/digital-camera-zoo-friends-bear\/","url":"https:\/\/bearsandpears.com\/en\/product\/digital-camera-zoo-friends-bear\/","name":"Digital Camera \u2013 Zoo Friends Bear - Bears And Pears","isPartOf":{"@id":"https:\/\/bearsandpears.com\/#website"},"primaryImageOfPage":{"@id":"https:\/\/bearsandpears.com\/en\/product\/digital-camera-zoo-friends-bear\/#primaryimage"},"image":{"@id":"https:\/\/bearsandpears.com\/en\/product\/digital-camera-zoo-friends-bear\/#primaryimage"},"thumbnailUrl":"https:\/\/bearsandpears.com\/wp-content\/uploads\/2025\/10\/The_zoofamily_zoo_friends_bear_2.jpg","datePublished":"2025-10-30T19:41:05+00:00","dateModified":"2025-10-30T19:50:36+00:00","breadcrumb":{"@id":"https:\/\/bearsandpears.com\/en\/product\/digital-camera-zoo-friends-bear\/#breadcrumb"},"inLanguage":"en-US","potentialAction":[{"@type":"ReadAction","target":["https:\/\/bearsandpears.com\/en\/product\/digital-camera-zoo-friends-bear\/"]}]},{"@type":"ImageObject","inLanguage":"en-US","@id":"https:\/\/bearsandpears.com\/en\/product\/digital-camera-zoo-friends-bear\/#primaryimage","url":"https:\/\/bearsandpears.com\/wp-content\/uploads\/2025\/10\/The_zoofamily_zoo_friends_bear_2.jpg","contentUrl":"https:\/\/bearsandpears.com\/wp-content\/uploads\/2025\/10\/The_zoofamily_zoo_friends_bear_2.jpg","width":1000,"height":1500},{"@type":"BreadcrumbList","@id":"https:\/\/bearsandpears.com\/en\/product\/digital-camera-zoo-friends-bear\/#breadcrumb","itemListElement":[{"@type":"ListItem","position":1,"name":"Home","item":"https:\/\/bearsandpears.com\/en\/"},{"@type":"ListItem","position":2,"name":"Shop","item":"https:\/\/bearsandpears.com\/en\/shop\/"},{"@type":"ListItem","position":3,"name":"Digital Camera \u2013 Zoo Friends Bear"}]},{"@type":"WebSite","@id":"https:\/\/bearsandpears.com\/#website","url":"https:\/\/bearsandpears.com\/","name":"Bears And Pears","description":"","publisher":{"@id":"https:\/\/bearsandpears.com\/#organization"},"potentialAction":[{"@type":"SearchAction","target":{"@type":"EntryPoint","urlTemplate":"https:\/\/bearsandpears.com\/?s={search_term_string}"},"query-input":{"@type":"PropertyValueSpecification","valueRequired":true,"valueName":"search_term_string"}}],"inLanguage":"en-US"},{"@type":"Organization","@id":"https:\/\/bearsandpears.com\/#organization","name":"Bears & Pears","url":"https:\/\/bearsandpears.com\/","logo":{"@type":"ImageObject","inLanguage":"en-US","@id":"https:\/\/bearsandpears.com\/#\/schema\/logo\/image\/","url":"https:\/\/bearsandpears.com\/wp-content\/uploads\/2025\/06\/bears-favicon.png","contentUrl":"https:\/\/bearsandpears.com\/wp-content\/uploads\/2025\/06\/bears-favicon.png","width":800,"height":800,"caption":"Bears & Pears"},"image":{"@id":"https:\/\/bearsandpears.com\/#\/schema\/logo\/image\/"}}]}},"_links":{"self":[{"href":"https:\/\/bearsandpears.com\/en\/wp-json\/wp\/v2\/product\/2231","targetHints":{"allow":["GET"]}}],"collection":[{"href":"https:\/\/bearsandpears.com\/en\/wp-json\/wp\/v2\/product"}],"about":[{"href":"https:\/\/bearsandpears.com\/en\/wp-json\/wp\/v2\/types\/product"}],"replies":[{"embeddable":true,"href":"https:\/\/bearsandpears.com\/en\/wp-json\/wp\/v2\/comments?post=2231"}],"wp:featuredmedia":[{"embeddable":true,"href":"https:\/\/bearsandpears.com\/en\/wp-json\/wp\/v2\/media\/2233"}],"wp:attachment":[{"href":"https:\/\/bearsandpears.com\/en\/wp-json\/wp\/v2\/media?parent=2231"}],"wp:term":[{"taxonomy":"product_brand","embeddable":true,"href":"https:\/\/bearsandpears.com\/en\/wp-json\/wp\/v2\/product_brand?post=2231"},{"taxonomy":"product_cat","embeddable":true,"href":"https:\/\/bearsandpears.com\/en\/wp-json\/wp\/v2\/product_cat?post=2231"},{"taxonomy":"product_tag","embeddable":true,"href":"https:\/\/bearsandpears.com\/en\/wp-json\/wp\/v2\/product_tag?post=2231"}],"curies":[{"name":"wp","href":"https:\/\/api.w.org\/{rel}","templated":true}]}}