{"id":3049,"date":"2025-12-24T18:23:32","date_gmt":"2025-12-24T18:23:32","guid":{"rendered":"https:\/\/bearsandpears.com\/?post_type=product&#038;p=3049"},"modified":"2025-12-24T18:50:20","modified_gmt":"2025-12-24T18:50:20","slug":"drveni-vatrogasni-kamion","status":"publish","type":"product","link":"https:\/\/bearsandpears.com\/en\/product\/drveni-vatrogasni-kamion\/","title":{"rendered":"Drveni Vatrogasni Kamion"},"content":{"rendered":"<p>Karakteristike:<\/p>\n<p>Materijal: Drvo<br \/>\nPreporu\u010dena starost: 2+ godine<br \/>\nOdr\u017eavanje: Povr\u0161inu \u010distiti samo vla\u017enom krpom<\/p>\n","protected":false},"excerpt":{"rendered":"<p>Spasite ma\u010dku sa drveta! Ovaj drveni vatrogasni kamion ima pokretnu merdevinu i odvojivo crevo koje mo\u017eete povezati na hidrant ili na sam kamion. Set uklju\u010duje \u010detiri vatrogasca, plamenove i hidrant. Savr\u0161eno se kombinuje sa vatrogasnom stanicom za jo\u0161 vi\u0161e zabave u igri!<\/p>\n","protected":false},"featured_media":3057,"comment_status":"open","ping_status":"closed","template":"","meta":{"_acf_changed":false},"product_brand":[101],"product_cat":[144],"product_tag":[106],"class_list":{"0":"post-3049","1":"product","2":"type-product","3":"status-publish","4":"has-post-thumbnail","6":"product_brand-little-dutch","7":"product_cat-wooden-toys","8":"product_tag-24-meseci-en","10":"first","11":"instock","12":"shipping-taxable","13":"purchasable","14":"product-type-simple","15":"add-to-wishlist-before_image"},"acf":[],"yoast_head":"<!-- This site is optimized with the Yoast SEO plugin v26.9 - https:\/\/yoast.com\/product\/yoast-seo-wordpress\/ -->\n<title>Drveni Vatrogasni Kamion - Bears And Pears<\/title>\n<meta name=\"robots\" content=\"index, follow, max-snippet:-1, max-image-preview:large, max-video-preview:-1\" \/>\n<link rel=\"canonical\" href=\"https:\/\/bearsandpears.com\/en\/product\/drveni-vatrogasni-kamion\/\" \/>\n<meta property=\"og:locale\" content=\"en_US\" \/>\n<meta property=\"og:type\" content=\"article\" \/>\n<meta property=\"og:title\" content=\"Drveni Vatrogasni Kamion - Bears And Pears\" \/>\n<meta property=\"og:description\" content=\"Spasite ma\u010dku sa drveta! Ovaj drveni vatrogasni kamion ima pokretnu merdevinu i odvojivo crevo koje mo\u017eete povezati na hidrant ili na sam kamion. Set uklju\u010duje \u010detiri vatrogasca, plamenove i hidrant. Savr\u0161eno se kombinuje sa vatrogasnom stanicom za jo\u0161 vi\u0161e zabave u igri!\" \/>\n<meta property=\"og:url\" content=\"https:\/\/bearsandpears.com\/en\/product\/drveni-vatrogasni-kamion\/\" \/>\n<meta property=\"og:site_name\" content=\"Bears And Pears\" \/>\n<meta property=\"article:modified_time\" content=\"2025-12-24T18:50:20+00:00\" \/>\n<meta property=\"og:image\" content=\"https:\/\/bearsandpears.com\/wp-content\/uploads\/2025\/12\/fire-truck-set-ld2536-11.jpg\" \/>\n\t<meta property=\"og:image:width\" content=\"1947\" \/>\n\t<meta property=\"og:image:height\" content=\"2000\" \/>\n\t<meta property=\"og:image:type\" content=\"image\/jpeg\" \/>\n<meta name=\"twitter:card\" content=\"summary_large_image\" \/>\n<meta name=\"twitter:label1\" content=\"Est. reading time\" \/>\n\t<meta name=\"twitter:data1\" content=\"1 minute\" \/>\n<script type=\"application\/ld+json\" class=\"yoast-schema-graph\">{\"@context\":\"https:\/\/schema.org\",\"@graph\":[{\"@type\":\"WebPage\",\"@id\":\"https:\/\/bearsandpears.com\/en\/product\/drveni-vatrogasni-kamion\/\",\"url\":\"https:\/\/bearsandpears.com\/en\/product\/drveni-vatrogasni-kamion\/\",\"name\":\"Drveni Vatrogasni Kamion - Bears And Pears\",\"isPartOf\":{\"@id\":\"https:\/\/bearsandpears.com\/#website\"},\"primaryImageOfPage\":{\"@id\":\"https:\/\/bearsandpears.com\/en\/product\/drveni-vatrogasni-kamion\/#primaryimage\"},\"image\":{\"@id\":\"https:\/\/bearsandpears.com\/en\/product\/drveni-vatrogasni-kamion\/#primaryimage\"},\"thumbnailUrl\":\"https:\/\/bearsandpears.com\/wp-content\/uploads\/2025\/12\/fire-truck-set-ld2536-11.jpg\",\"datePublished\":\"2025-12-24T18:23:32+00:00\",\"dateModified\":\"2025-12-24T18:50:20+00:00\",\"breadcrumb\":{\"@id\":\"https:\/\/bearsandpears.com\/en\/product\/drveni-vatrogasni-kamion\/#breadcrumb\"},\"inLanguage\":\"en-US\",\"potentialAction\":[{\"@type\":\"ReadAction\",\"target\":[\"https:\/\/bearsandpears.com\/en\/product\/drveni-vatrogasni-kamion\/\"]}]},{\"@type\":\"ImageObject\",\"inLanguage\":\"en-US\",\"@id\":\"https:\/\/bearsandpears.com\/en\/product\/drveni-vatrogasni-kamion\/#primaryimage\",\"url\":\"https:\/\/bearsandpears.com\/wp-content\/uploads\/2025\/12\/fire-truck-set-ld2536-11.jpg\",\"contentUrl\":\"https:\/\/bearsandpears.com\/wp-content\/uploads\/2025\/12\/fire-truck-set-ld2536-11.jpg\",\"width\":1947,\"height\":2000},{\"@type\":\"BreadcrumbList\",\"@id\":\"https:\/\/bearsandpears.com\/en\/product\/drveni-vatrogasni-kamion\/#breadcrumb\",\"itemListElement\":[{\"@type\":\"ListItem\",\"position\":1,\"name\":\"Home\",\"item\":\"https:\/\/bearsandpears.com\/en\/\"},{\"@type\":\"ListItem\",\"position\":2,\"name\":\"Shop\",\"item\":\"https:\/\/bearsandpears.com\/en\/shop\/\"},{\"@type\":\"ListItem\",\"position\":3,\"name\":\"Drveni Vatrogasni Kamion\"}]},{\"@type\":\"WebSite\",\"@id\":\"https:\/\/bearsandpears.com\/#website\",\"url\":\"https:\/\/bearsandpears.com\/\",\"name\":\"Bears And Pears\",\"description\":\"\",\"publisher\":{\"@id\":\"https:\/\/bearsandpears.com\/#organization\"},\"potentialAction\":[{\"@type\":\"SearchAction\",\"target\":{\"@type\":\"EntryPoint\",\"urlTemplate\":\"https:\/\/bearsandpears.com\/?s={search_term_string}\"},\"query-input\":{\"@type\":\"PropertyValueSpecification\",\"valueRequired\":true,\"valueName\":\"search_term_string\"}}],\"inLanguage\":\"en-US\"},{\"@type\":\"Organization\",\"@id\":\"https:\/\/bearsandpears.com\/#organization\",\"name\":\"Bears & Pears\",\"url\":\"https:\/\/bearsandpears.com\/\",\"logo\":{\"@type\":\"ImageObject\",\"inLanguage\":\"en-US\",\"@id\":\"https:\/\/bearsandpears.com\/#\/schema\/logo\/image\/\",\"url\":\"https:\/\/bearsandpears.com\/wp-content\/uploads\/2025\/06\/bears-favicon.png\",\"contentUrl\":\"https:\/\/bearsandpears.com\/wp-content\/uploads\/2025\/06\/bears-favicon.png\",\"width\":800,\"height\":800,\"caption\":\"Bears & Pears\"},\"image\":{\"@id\":\"https:\/\/bearsandpears.com\/#\/schema\/logo\/image\/\"}}]}<\/script>\n<!-- \/ Yoast SEO plugin. -->","yoast_head_json":{"title":"Drveni Vatrogasni Kamion - Bears And Pears","robots":{"index":"index","follow":"follow","max-snippet":"max-snippet:-1","max-image-preview":"max-image-preview:large","max-video-preview":"max-video-preview:-1"},"canonical":"https:\/\/bearsandpears.com\/en\/product\/drveni-vatrogasni-kamion\/","og_locale":"en_US","og_type":"article","og_title":"Drveni Vatrogasni Kamion - Bears And Pears","og_description":"Spasite ma\u010dku sa drveta! Ovaj drveni vatrogasni kamion ima pokretnu merdevinu i odvojivo crevo koje mo\u017eete povezati na hidrant ili na sam kamion. Set uklju\u010duje \u010detiri vatrogasca, plamenove i hidrant. Savr\u0161eno se kombinuje sa vatrogasnom stanicom za jo\u0161 vi\u0161e zabave u igri!","og_url":"https:\/\/bearsandpears.com\/en\/product\/drveni-vatrogasni-kamion\/","og_site_name":"Bears And Pears","article_modified_time":"2025-12-24T18:50:20+00:00","og_image":[{"width":1947,"height":2000,"url":"https:\/\/bearsandpears.com\/wp-content\/uploads\/2025\/12\/fire-truck-set-ld2536-11.jpg","type":"image\/jpeg"}],"twitter_card":"summary_large_image","twitter_misc":{"Est. reading time":"1 minute"},"schema":{"@context":"https:\/\/schema.org","@graph":[{"@type":"WebPage","@id":"https:\/\/bearsandpears.com\/en\/product\/drveni-vatrogasni-kamion\/","url":"https:\/\/bearsandpears.com\/en\/product\/drveni-vatrogasni-kamion\/","name":"Drveni Vatrogasni Kamion - Bears And Pears","isPartOf":{"@id":"https:\/\/bearsandpears.com\/#website"},"primaryImageOfPage":{"@id":"https:\/\/bearsandpears.com\/en\/product\/drveni-vatrogasni-kamion\/#primaryimage"},"image":{"@id":"https:\/\/bearsandpears.com\/en\/product\/drveni-vatrogasni-kamion\/#primaryimage"},"thumbnailUrl":"https:\/\/bearsandpears.com\/wp-content\/uploads\/2025\/12\/fire-truck-set-ld2536-11.jpg","datePublished":"2025-12-24T18:23:32+00:00","dateModified":"2025-12-24T18:50:20+00:00","breadcrumb":{"@id":"https:\/\/bearsandpears.com\/en\/product\/drveni-vatrogasni-kamion\/#breadcrumb"},"inLanguage":"en-US","potentialAction":[{"@type":"ReadAction","target":["https:\/\/bearsandpears.com\/en\/product\/drveni-vatrogasni-kamion\/"]}]},{"@type":"ImageObject","inLanguage":"en-US","@id":"https:\/\/bearsandpears.com\/en\/product\/drveni-vatrogasni-kamion\/#primaryimage","url":"https:\/\/bearsandpears.com\/wp-content\/uploads\/2025\/12\/fire-truck-set-ld2536-11.jpg","contentUrl":"https:\/\/bearsandpears.com\/wp-content\/uploads\/2025\/12\/fire-truck-set-ld2536-11.jpg","width":1947,"height":2000},{"@type":"BreadcrumbList","@id":"https:\/\/bearsandpears.com\/en\/product\/drveni-vatrogasni-kamion\/#breadcrumb","itemListElement":[{"@type":"ListItem","position":1,"name":"Home","item":"https:\/\/bearsandpears.com\/en\/"},{"@type":"ListItem","position":2,"name":"Shop","item":"https:\/\/bearsandpears.com\/en\/shop\/"},{"@type":"ListItem","position":3,"name":"Drveni Vatrogasni Kamion"}]},{"@type":"WebSite","@id":"https:\/\/bearsandpears.com\/#website","url":"https:\/\/bearsandpears.com\/","name":"Bears And Pears","description":"","publisher":{"@id":"https:\/\/bearsandpears.com\/#organization"},"potentialAction":[{"@type":"SearchAction","target":{"@type":"EntryPoint","urlTemplate":"https:\/\/bearsandpears.com\/?s={search_term_string}"},"query-input":{"@type":"PropertyValueSpecification","valueRequired":true,"valueName":"search_term_string"}}],"inLanguage":"en-US"},{"@type":"Organization","@id":"https:\/\/bearsandpears.com\/#organization","name":"Bears & Pears","url":"https:\/\/bearsandpears.com\/","logo":{"@type":"ImageObject","inLanguage":"en-US","@id":"https:\/\/bearsandpears.com\/#\/schema\/logo\/image\/","url":"https:\/\/bearsandpears.com\/wp-content\/uploads\/2025\/06\/bears-favicon.png","contentUrl":"https:\/\/bearsandpears.com\/wp-content\/uploads\/2025\/06\/bears-favicon.png","width":800,"height":800,"caption":"Bears & Pears"},"image":{"@id":"https:\/\/bearsandpears.com\/#\/schema\/logo\/image\/"}}]}},"_links":{"self":[{"href":"https:\/\/bearsandpears.com\/en\/wp-json\/wp\/v2\/product\/3049","targetHints":{"allow":["GET"]}}],"collection":[{"href":"https:\/\/bearsandpears.com\/en\/wp-json\/wp\/v2\/product"}],"about":[{"href":"https:\/\/bearsandpears.com\/en\/wp-json\/wp\/v2\/types\/product"}],"replies":[{"embeddable":true,"href":"https:\/\/bearsandpears.com\/en\/wp-json\/wp\/v2\/comments?post=3049"}],"wp:featuredmedia":[{"embeddable":true,"href":"https:\/\/bearsandpears.com\/en\/wp-json\/wp\/v2\/media\/3057"}],"wp:attachment":[{"href":"https:\/\/bearsandpears.com\/en\/wp-json\/wp\/v2\/media?parent=3049"}],"wp:term":[{"taxonomy":"product_brand","embeddable":true,"href":"https:\/\/bearsandpears.com\/en\/wp-json\/wp\/v2\/product_brand?post=3049"},{"taxonomy":"product_cat","embeddable":true,"href":"https:\/\/bearsandpears.com\/en\/wp-json\/wp\/v2\/product_cat?post=3049"},{"taxonomy":"product_tag","embeddable":true,"href":"https:\/\/bearsandpears.com\/en\/wp-json\/wp\/v2\/product_tag?post=3049"}],"curies":[{"name":"wp","href":"https:\/\/api.w.org\/{rel}","templated":true}]}}