{"id":3385,"date":"2025-12-27T22:00:00","date_gmt":"2025-12-27T22:00:00","guid":{"rendered":"https:\/\/bearsandpears.com\/?post_type=product&#038;p=3385"},"modified":"2025-12-27T22:02:56","modified_gmt":"2025-12-27T22:02:56","slug":"bibs-kutija-za-varalicu-blush","status":"publish","type":"product","link":"https:\/\/bearsandpears.com\/en\/product\/bibs-kutija-za-varalicu-blush\/","title":{"rendered":"Bibs kutija za varalicu, Blush"},"content":{"rendered":"","protected":false},"excerpt":{"rendered":"<p>Kutija za varalice BIBS x Liberty je vi\u0161enamenska kutija za \u010duvanje varalica prelepe boje. BIBS Liberty je ekskluzivna kolekcija u kojoj su poznati proizvodi BIBS-a kombinovani sa Liberty lepim i klasi\u010dnim cvetnim dezenima.<\/p>\n<p>Do tri varalice (BIBS) se mogu \u010duvati u kutiji istovremeno. Kutija dolazi sa dr\u017ea\u010dem koji mo\u017ee da dr\u017ei jednu varalicu. Osim za skladi\u0161tenje, kutija se mo\u017ee koristiti i za sterilizaciju varalica ili na primer kao kutija za male grickalice ili igra\u010dke. Kutije su napravljene od bezbednog materijala za hranu. <\/p>\n<p>Vi\u0161e informacija:<br \/>\nMo\u017ee se prati u ma\u0161ini za pranje sudova<\/p>\n","protected":false},"featured_media":3390,"comment_status":"open","ping_status":"closed","template":"","meta":{"_acf_changed":false},"product_brand":[162],"product_cat":[142,157],"product_tag":[114],"class_list":{"0":"post-3385","1":"product","2":"type-product","3":"status-publish","4":"has-post-thumbnail","6":"product_brand-bibs","7":"product_cat-baby-care","8":"product_cat-teethers-pacifiers","9":"product_tag-0-meseci-en","11":"first","12":"instock","13":"shipping-taxable","14":"purchasable","15":"product-type-simple","16":"add-to-wishlist-before_image"},"acf":[],"yoast_head":"<!-- This site is optimized with the Yoast SEO plugin v26.9 - https:\/\/yoast.com\/product\/yoast-seo-wordpress\/ -->\n<title>Bibs kutija za varalicu, Blush - Bears And Pears<\/title>\n<meta name=\"robots\" content=\"index, follow, max-snippet:-1, max-image-preview:large, max-video-preview:-1\" \/>\n<link rel=\"canonical\" href=\"https:\/\/bearsandpears.com\/en\/product\/bibs-kutija-za-varalicu-blush\/\" \/>\n<meta property=\"og:locale\" content=\"en_US\" \/>\n<meta property=\"og:type\" content=\"article\" \/>\n<meta property=\"og:title\" content=\"Bibs kutija za varalicu, Blush - Bears And Pears\" \/>\n<meta property=\"og:description\" content=\"Kutija za varalice BIBS x Liberty je vi\u0161enamenska kutija za \u010duvanje varalica prelepe boje. BIBS Liberty je ekskluzivna kolekcija u kojoj su poznati proizvodi BIBS-a kombinovani sa Liberty lepim i klasi\u010dnim cvetnim dezenima.  Do tri varalice (BIBS) se mogu \u010duvati u kutiji istovremeno. Kutija dolazi sa dr\u017ea\u010dem koji mo\u017ee da dr\u017ei jednu varalicu. Osim za skladi\u0161tenje, kutija se mo\u017ee koristiti i za sterilizaciju varalica ili na primer kao kutija za male grickalice ili igra\u010dke. Kutije su napravljene od bezbednog materijala za hranu.   Vi\u0161e informacija: Mo\u017ee se prati u ma\u0161ini za pranje sudova\" \/>\n<meta property=\"og:url\" content=\"https:\/\/bearsandpears.com\/en\/product\/bibs-kutija-za-varalicu-blush\/\" \/>\n<meta property=\"og:site_name\" content=\"Bears And Pears\" \/>\n<meta property=\"article:modified_time\" content=\"2025-12-27T22:02:56+00:00\" \/>\n<meta property=\"og:image\" content=\"https:\/\/bearsandpears.com\/wp-content\/uploads\/2025\/12\/4200244_5713795231102_BIBS_PacifierBox_Blush_2_2000x2000.png\" \/>\n\t<meta property=\"og:image:width\" content=\"2000\" \/>\n\t<meta property=\"og:image:height\" content=\"2000\" \/>\n\t<meta property=\"og:image:type\" content=\"image\/png\" \/>\n<meta name=\"twitter:card\" content=\"summary_large_image\" \/>\n<meta name=\"twitter:label1\" content=\"Est. reading time\" \/>\n\t<meta name=\"twitter:data1\" content=\"1 minute\" \/>\n<script type=\"application\/ld+json\" class=\"yoast-schema-graph\">{\"@context\":\"https:\/\/schema.org\",\"@graph\":[{\"@type\":\"WebPage\",\"@id\":\"https:\/\/bearsandpears.com\/en\/product\/bibs-kutija-za-varalicu-blush\/\",\"url\":\"https:\/\/bearsandpears.com\/en\/product\/bibs-kutija-za-varalicu-blush\/\",\"name\":\"Bibs kutija za varalicu, Blush - Bears And Pears\",\"isPartOf\":{\"@id\":\"https:\/\/bearsandpears.com\/#website\"},\"primaryImageOfPage\":{\"@id\":\"https:\/\/bearsandpears.com\/en\/product\/bibs-kutija-za-varalicu-blush\/#primaryimage\"},\"image\":{\"@id\":\"https:\/\/bearsandpears.com\/en\/product\/bibs-kutija-za-varalicu-blush\/#primaryimage\"},\"thumbnailUrl\":\"https:\/\/bearsandpears.com\/wp-content\/uploads\/2025\/12\/4200244_5713795231102_BIBS_PacifierBox_Blush_2_2000x2000.png\",\"datePublished\":\"2025-12-27T22:00:00+00:00\",\"dateModified\":\"2025-12-27T22:02:56+00:00\",\"breadcrumb\":{\"@id\":\"https:\/\/bearsandpears.com\/en\/product\/bibs-kutija-za-varalicu-blush\/#breadcrumb\"},\"inLanguage\":\"en-US\",\"potentialAction\":[{\"@type\":\"ReadAction\",\"target\":[\"https:\/\/bearsandpears.com\/en\/product\/bibs-kutija-za-varalicu-blush\/\"]}]},{\"@type\":\"ImageObject\",\"inLanguage\":\"en-US\",\"@id\":\"https:\/\/bearsandpears.com\/en\/product\/bibs-kutija-za-varalicu-blush\/#primaryimage\",\"url\":\"https:\/\/bearsandpears.com\/wp-content\/uploads\/2025\/12\/4200244_5713795231102_BIBS_PacifierBox_Blush_2_2000x2000.png\",\"contentUrl\":\"https:\/\/bearsandpears.com\/wp-content\/uploads\/2025\/12\/4200244_5713795231102_BIBS_PacifierBox_Blush_2_2000x2000.png\",\"width\":2000,\"height\":2000},{\"@type\":\"BreadcrumbList\",\"@id\":\"https:\/\/bearsandpears.com\/en\/product\/bibs-kutija-za-varalicu-blush\/#breadcrumb\",\"itemListElement\":[{\"@type\":\"ListItem\",\"position\":1,\"name\":\"Home\",\"item\":\"https:\/\/bearsandpears.com\/en\/\"},{\"@type\":\"ListItem\",\"position\":2,\"name\":\"Shop\",\"item\":\"https:\/\/bearsandpears.com\/en\/shop\/\"},{\"@type\":\"ListItem\",\"position\":3,\"name\":\"Bibs kutija za varalicu, Blush\"}]},{\"@type\":\"WebSite\",\"@id\":\"https:\/\/bearsandpears.com\/#website\",\"url\":\"https:\/\/bearsandpears.com\/\",\"name\":\"Bears And Pears\",\"description\":\"\",\"publisher\":{\"@id\":\"https:\/\/bearsandpears.com\/#organization\"},\"potentialAction\":[{\"@type\":\"SearchAction\",\"target\":{\"@type\":\"EntryPoint\",\"urlTemplate\":\"https:\/\/bearsandpears.com\/?s={search_term_string}\"},\"query-input\":{\"@type\":\"PropertyValueSpecification\",\"valueRequired\":true,\"valueName\":\"search_term_string\"}}],\"inLanguage\":\"en-US\"},{\"@type\":\"Organization\",\"@id\":\"https:\/\/bearsandpears.com\/#organization\",\"name\":\"Bears & Pears\",\"url\":\"https:\/\/bearsandpears.com\/\",\"logo\":{\"@type\":\"ImageObject\",\"inLanguage\":\"en-US\",\"@id\":\"https:\/\/bearsandpears.com\/#\/schema\/logo\/image\/\",\"url\":\"https:\/\/bearsandpears.com\/wp-content\/uploads\/2025\/06\/bears-favicon.png\",\"contentUrl\":\"https:\/\/bearsandpears.com\/wp-content\/uploads\/2025\/06\/bears-favicon.png\",\"width\":800,\"height\":800,\"caption\":\"Bears & Pears\"},\"image\":{\"@id\":\"https:\/\/bearsandpears.com\/#\/schema\/logo\/image\/\"}}]}<\/script>\n<!-- \/ Yoast SEO plugin. -->","yoast_head_json":{"title":"Bibs kutija za varalicu, Blush - Bears And Pears","robots":{"index":"index","follow":"follow","max-snippet":"max-snippet:-1","max-image-preview":"max-image-preview:large","max-video-preview":"max-video-preview:-1"},"canonical":"https:\/\/bearsandpears.com\/en\/product\/bibs-kutija-za-varalicu-blush\/","og_locale":"en_US","og_type":"article","og_title":"Bibs kutija za varalicu, Blush - Bears And Pears","og_description":"Kutija za varalice BIBS x Liberty je vi\u0161enamenska kutija za \u010duvanje varalica prelepe boje. BIBS Liberty je ekskluzivna kolekcija u kojoj su poznati proizvodi BIBS-a kombinovani sa Liberty lepim i klasi\u010dnim cvetnim dezenima.  Do tri varalice (BIBS) se mogu \u010duvati u kutiji istovremeno. Kutija dolazi sa dr\u017ea\u010dem koji mo\u017ee da dr\u017ei jednu varalicu. Osim za skladi\u0161tenje, kutija se mo\u017ee koristiti i za sterilizaciju varalica ili na primer kao kutija za male grickalice ili igra\u010dke. Kutije su napravljene od bezbednog materijala za hranu.   Vi\u0161e informacija: Mo\u017ee se prati u ma\u0161ini za pranje sudova","og_url":"https:\/\/bearsandpears.com\/en\/product\/bibs-kutija-za-varalicu-blush\/","og_site_name":"Bears And Pears","article_modified_time":"2025-12-27T22:02:56+00:00","og_image":[{"width":2000,"height":2000,"url":"https:\/\/bearsandpears.com\/wp-content\/uploads\/2025\/12\/4200244_5713795231102_BIBS_PacifierBox_Blush_2_2000x2000.png","type":"image\/png"}],"twitter_card":"summary_large_image","twitter_misc":{"Est. reading time":"1 minute"},"schema":{"@context":"https:\/\/schema.org","@graph":[{"@type":"WebPage","@id":"https:\/\/bearsandpears.com\/en\/product\/bibs-kutija-za-varalicu-blush\/","url":"https:\/\/bearsandpears.com\/en\/product\/bibs-kutija-za-varalicu-blush\/","name":"Bibs kutija za varalicu, Blush - Bears And Pears","isPartOf":{"@id":"https:\/\/bearsandpears.com\/#website"},"primaryImageOfPage":{"@id":"https:\/\/bearsandpears.com\/en\/product\/bibs-kutija-za-varalicu-blush\/#primaryimage"},"image":{"@id":"https:\/\/bearsandpears.com\/en\/product\/bibs-kutija-za-varalicu-blush\/#primaryimage"},"thumbnailUrl":"https:\/\/bearsandpears.com\/wp-content\/uploads\/2025\/12\/4200244_5713795231102_BIBS_PacifierBox_Blush_2_2000x2000.png","datePublished":"2025-12-27T22:00:00+00:00","dateModified":"2025-12-27T22:02:56+00:00","breadcrumb":{"@id":"https:\/\/bearsandpears.com\/en\/product\/bibs-kutija-za-varalicu-blush\/#breadcrumb"},"inLanguage":"en-US","potentialAction":[{"@type":"ReadAction","target":["https:\/\/bearsandpears.com\/en\/product\/bibs-kutija-za-varalicu-blush\/"]}]},{"@type":"ImageObject","inLanguage":"en-US","@id":"https:\/\/bearsandpears.com\/en\/product\/bibs-kutija-za-varalicu-blush\/#primaryimage","url":"https:\/\/bearsandpears.com\/wp-content\/uploads\/2025\/12\/4200244_5713795231102_BIBS_PacifierBox_Blush_2_2000x2000.png","contentUrl":"https:\/\/bearsandpears.com\/wp-content\/uploads\/2025\/12\/4200244_5713795231102_BIBS_PacifierBox_Blush_2_2000x2000.png","width":2000,"height":2000},{"@type":"BreadcrumbList","@id":"https:\/\/bearsandpears.com\/en\/product\/bibs-kutija-za-varalicu-blush\/#breadcrumb","itemListElement":[{"@type":"ListItem","position":1,"name":"Home","item":"https:\/\/bearsandpears.com\/en\/"},{"@type":"ListItem","position":2,"name":"Shop","item":"https:\/\/bearsandpears.com\/en\/shop\/"},{"@type":"ListItem","position":3,"name":"Bibs kutija za varalicu, Blush"}]},{"@type":"WebSite","@id":"https:\/\/bearsandpears.com\/#website","url":"https:\/\/bearsandpears.com\/","name":"Bears And Pears","description":"","publisher":{"@id":"https:\/\/bearsandpears.com\/#organization"},"potentialAction":[{"@type":"SearchAction","target":{"@type":"EntryPoint","urlTemplate":"https:\/\/bearsandpears.com\/?s={search_term_string}"},"query-input":{"@type":"PropertyValueSpecification","valueRequired":true,"valueName":"search_term_string"}}],"inLanguage":"en-US"},{"@type":"Organization","@id":"https:\/\/bearsandpears.com\/#organization","name":"Bears & Pears","url":"https:\/\/bearsandpears.com\/","logo":{"@type":"ImageObject","inLanguage":"en-US","@id":"https:\/\/bearsandpears.com\/#\/schema\/logo\/image\/","url":"https:\/\/bearsandpears.com\/wp-content\/uploads\/2025\/06\/bears-favicon.png","contentUrl":"https:\/\/bearsandpears.com\/wp-content\/uploads\/2025\/06\/bears-favicon.png","width":800,"height":800,"caption":"Bears & Pears"},"image":{"@id":"https:\/\/bearsandpears.com\/#\/schema\/logo\/image\/"}}]}},"_links":{"self":[{"href":"https:\/\/bearsandpears.com\/en\/wp-json\/wp\/v2\/product\/3385","targetHints":{"allow":["GET"]}}],"collection":[{"href":"https:\/\/bearsandpears.com\/en\/wp-json\/wp\/v2\/product"}],"about":[{"href":"https:\/\/bearsandpears.com\/en\/wp-json\/wp\/v2\/types\/product"}],"replies":[{"embeddable":true,"href":"https:\/\/bearsandpears.com\/en\/wp-json\/wp\/v2\/comments?post=3385"}],"wp:featuredmedia":[{"embeddable":true,"href":"https:\/\/bearsandpears.com\/en\/wp-json\/wp\/v2\/media\/3390"}],"wp:attachment":[{"href":"https:\/\/bearsandpears.com\/en\/wp-json\/wp\/v2\/media?parent=3385"}],"wp:term":[{"taxonomy":"product_brand","embeddable":true,"href":"https:\/\/bearsandpears.com\/en\/wp-json\/wp\/v2\/product_brand?post=3385"},{"taxonomy":"product_cat","embeddable":true,"href":"https:\/\/bearsandpears.com\/en\/wp-json\/wp\/v2\/product_cat?post=3385"},{"taxonomy":"product_tag","embeddable":true,"href":"https:\/\/bearsandpears.com\/en\/wp-json\/wp\/v2\/product_tag?post=3385"}],"curies":[{"name":"wp","href":"https:\/\/api.w.org\/{rel}","templated":true}]}}